{"id":387,"date":"2020-09-17T12:17:18","date_gmt":"2020-09-17T15:17:18","guid":{"rendered":"https:\/\/cidadeescolaaprendiz.org.br\/relatorios\/2019\/?page_id=387"},"modified":"2020-09-28T18:11:53","modified_gmt":"2020-09-28T21:11:53","slug":"c4d","status":"publish","type":"page","link":"https:\/\/cidadeescolaaprendiz.org.br\/relatorios\/2019\/c4d\/","title":{"rendered":"Comunica\u00e7\u00e3o para o desenvolvimento"},"content":{"rendered":"\n<div class=\"wp-block-group cr-sobre\"><div class=\"wp-block-group__inner-container\">\n<div class=\"wp-block-columns center\">\n<div class=\"wp-block-column\" style=\"flex-basis:33.33%\"><\/div>\n<\/div>\n\n\n\n<div class=\"wp-block-image is-style-default titulo-programa\"><figure class=\"aligncenter size-large\"><img loading=\"lazy\" width=\"500\" height=\"160\" src=\"https:\/\/cidadeescolaaprendiz.org.br\/relatorios\/2019\/wp-content\/uploads\/2020\/09\/title-c4d.png\" alt=\"\" class=\"wp-image-390\" srcset=\"https:\/\/cidadeescolaaprendiz.org.br\/relatorios\/2019\/wp-content\/uploads\/2020\/09\/title-c4d.png 500w, https:\/\/cidadeescolaaprendiz.org.br\/relatorios\/2019\/wp-content\/uploads\/2020\/09\/title-c4d-300x96.png 300w\" sizes=\"(max-width: 500px) 100vw, 500px\" \/><\/figure><\/div>\n\n\n\n<div class=\"wp-block-columns\">\n<div class=\"wp-block-column\" style=\"flex-basis:25%\"><\/div>\n\n\n\n<div class=\"wp-block-column\" style=\"flex-basis:50%\">\n<p class=\"has-text-align-center\">Na Cidade Escola Aprendiz, a comunica\u00e7\u00e3o \u00e9 reconhecida como uma das principais ferramentas de desenvolvimento e transforma\u00e7\u00e3o social. O conhecimento que produzimos h\u00e1 23 anos nas \u00e1reas de Educa\u00e7\u00e3o e Direitos Humanos, com foco na inf\u00e2ncia e juventude, nos permite elaborar conte\u00fados e estrat\u00e9gias para articular, mobilizar, engajar e influenciar pol\u00edticas p\u00fablicas (<em>advocacy<\/em>) de forma aprofundada e inovadora. A frente de Comunica\u00e7\u00e3o para o Desenvolvimento apoia organiza\u00e7\u00f5es sociais, coletivos, movimentos e empresas a refor\u00e7arem seu posicionamento a partir de uma efetiva comunica\u00e7\u00e3o de suas causas.<\/p>\n\n\n\n<p class=\"has-text-align-center btn\"><a rel=\"noreferrer noopener\" href=\"https:\/\/www.cidadeescolaaprendiz.org.br\/c4d\/\" target=\"_blank\">Saiba mais<\/a><\/p>\n<\/div>\n\n\n\n<div class=\"wp-block-column\" style=\"flex-basis:25%\"><\/div>\n<\/div>\n\n\n\n<div class=\"wp-block-columns center\">\n<div class=\"wp-block-column\" style=\"flex-basis:66.66%\">\n<p class=\"has-text-align-center\"><\/p>\n\n\n\n<p class=\"has-text-align-center btn\"><\/p>\n<\/div>\n<\/div>\n<\/div><\/div>\n\n\n\n<h2 class=\"has-text-align-center\">Principais resultados<\/h2>\n\n\n\n<div class=\"wp-block-group resultado-destaque\"><div class=\"wp-block-group__inner-container\">\n<div class=\"wp-block-columns\">\n<div class=\"wp-block-column is-vertically-aligned-top\" style=\"flex-basis:33.33%\">\n<h3 class=\"has-text-align-right\"><strong><span style=\"margin-bottom:-20px\">34,4 <\/span><\/strong><span style=\"font-size:0.6em; margin-top: -20px;\">milh\u00f5es<\/span><\/h3>\n\n\n\n<p><\/p>\n<\/div>\n\n\n\n<div class=\"wp-block-column is-vertically-aligned-top\" style=\"flex-basis:66.66%\">\n<h4>de pessoas alcan\u00e7adas <br>pela frente C4D no Facebook<\/h4>\n<\/div>\n<\/div>\n\n\n\n<p><\/p>\n<\/div><\/div>\n\n\n\n<div class=\"wp-block-group center resultados\"><div class=\"wp-block-group__inner-container\">\n<div class=\"wp-block-columns\">\n<div class=\"wp-block-column\">\n<h3>758.830<\/h3>\n\n\n\n<p>pessoas alcan\u00e7adas pelo Chega de Trabalho Infantil no Facebook<\/p>\n<\/div>\n\n\n\n<div class=\"wp-block-column\">\n<h3>3,2<span>milh\u00f5es<\/span><\/h3>\n\n\n\n<p>de usu\u00e1rios \u00fanicos nos sites<\/p>\n<\/div>\n\n\n\n<div class=\"wp-block-column\">\n<h3>1,6<span>milh\u00e3o<\/span><\/h3>\n\n\n\n<p>de visualiza\u00e7\u00f5es de p\u00e1ginas no site Chega de Trabalho Infantil<\/p>\n<\/div>\n<\/div>\n\n\n\n<div class=\"wp-block-columns\">\n<div class=\"wp-block-column\">\n<h3>3,1<span>milh\u00f5es<\/span><\/h3>\n\n\n\n<p>de visualiza\u00e7\u00f5es de p\u00e1ginas nos sites da Funda\u00e7\u00e3o Telef\u00f4nica Vivo<\/p>\n<\/div>\n\n\n\n<div class=\"wp-block-column\">\n<h3>126<span>mil<\/span><\/h3>\n\n\n\n<p>conte\u00fados compartilhados<\/p>\n<\/div>\n\n\n\n<div class=\"wp-block-column\">\n<h3>1.366<\/h3>\n\n\n\n<p>abordagens a crian\u00e7as e adolescentes em situa\u00e7\u00e3o de vulnerabilidade social e trabalho infantil em shoppings na cidade de S\u00e3o Paulo<\/p>\n<\/div>\n<\/div>\n\n\n\n<hr class=\"wp-block-separator\"\/>\n\n\n\n<p><\/p>\n<\/div><\/div>\n","protected":false},"excerpt":{"rendered":"<p>Principais resultados<\/p>\n","protected":false},"author":2,"featured_media":389,"parent":0,"menu_order":0,"comment_status":"closed","ping_status":"closed","template":"","meta":[],"_links":{"self":[{"href":"https:\/\/cidadeescolaaprendiz.org.br\/relatorios\/2019\/wp-json\/wp\/v2\/pages\/387"}],"collection":[{"href":"https:\/\/cidadeescolaaprendiz.org.br\/relatorios\/2019\/wp-json\/wp\/v2\/pages"}],"about":[{"href":"https:\/\/cidadeescolaaprendiz.org.br\/relatorios\/2019\/wp-json\/wp\/v2\/types\/page"}],"author":[{"embeddable":true,"href":"https:\/\/cidadeescolaaprendiz.org.br\/relatorios\/2019\/wp-json\/wp\/v2\/users\/2"}],"replies":[{"embeddable":true,"href":"https:\/\/cidadeescolaaprendiz.org.br\/relatorios\/2019\/wp-json\/wp\/v2\/comments?post=387"}],"version-history":[{"count":5,"href":"https:\/\/cidadeescolaaprendiz.org.br\/relatorios\/2019\/wp-json\/wp\/v2\/pages\/387\/revisions"}],"predecessor-version":[{"id":502,"href":"https:\/\/cidadeescolaaprendiz.org.br\/relatorios\/2019\/wp-json\/wp\/v2\/pages\/387\/revisions\/502"}],"wp:featuredmedia":[{"embeddable":true,"href":"https:\/\/cidadeescolaaprendiz.org.br\/relatorios\/2019\/wp-json\/wp\/v2\/media\/389"}],"wp:attachment":[{"href":"https:\/\/cidadeescolaaprendiz.org.br\/relatorios\/2019\/wp-json\/wp\/v2\/media?parent=387"}],"curies":[{"name":"wp","href":"https:\/\/api.w.org\/{rel}","templated":true}]}}