{"id":367,"date":"2020-09-17T11:20:22","date_gmt":"2020-09-17T14:20:22","guid":{"rendered":"https:\/\/cidadeescolaaprendiz.org.br\/relatorios\/2019\/?page_id=367"},"modified":"2020-09-17T11:48:08","modified_gmt":"2020-09-17T14:48:08","slug":"aluno-presente","status":"publish","type":"page","link":"https:\/\/cidadeescolaaprendiz.org.br\/relatorios\/2019\/aluno-presente\/","title":{"rendered":"Aluno Presente"},"content":{"rendered":"\n<div class=\"wp-block-group cr-sobre\"><div class=\"wp-block-group__inner-container\">\n<div class=\"wp-block-columns center\">\n<div class=\"wp-block-column\" style=\"flex-basis:33.33%\"><\/div>\n<\/div>\n\n\n\n<div class=\"wp-block-image is-style-default titulo-programa\"><figure class=\"aligncenter size-large\"><img loading=\"lazy\" width=\"500\" height=\"160\" src=\"https:\/\/cidadeescolaaprendiz.org.br\/relatorios\/2019\/wp-content\/uploads\/2020\/09\/title-ap.png\" alt=\"\" class=\"wp-image-369\" srcset=\"https:\/\/cidadeescolaaprendiz.org.br\/relatorios\/2019\/wp-content\/uploads\/2020\/09\/title-ap.png 500w, https:\/\/cidadeescolaaprendiz.org.br\/relatorios\/2019\/wp-content\/uploads\/2020\/09\/title-ap-300x96.png 300w\" sizes=\"(max-width: 500px) 100vw, 500px\" \/><\/figure><\/div>\n\n\n\n<div class=\"wp-block-columns center\">\n<div class=\"wp-block-column\" style=\"flex-basis:33.33%\">\n<figure class=\"wp-block-image size-large is-style-default\"><img loading=\"lazy\" width=\"267\" height=\"77\" src=\"https:\/\/cidadeescolaaprendiz.org.br\/relatorios\/2019\/wp-content\/uploads\/2020\/09\/logo-ap.png\" alt=\"\" class=\"wp-image-371\"\/><\/figure>\n<\/div>\n\n\n\n<div class=\"wp-block-column\" style=\"flex-basis:66.66%\">\n<p>Em 2019, o <a rel=\"noreferrer noopener\" href=\"https:\/\/www.alunopresente.org.br\/\" target=\"_blank\">Aluno Presente<\/a> deu continuidade a partir do apoio \u00e0 implementa\u00e7\u00e3o do projeto \u201cAluno Presente e Busca Ativa Escolar: garantindo o direito \u00e0 educa\u00e7\u00e3o de meninos e meninas\u201d, realizando atividades de assessoria e forma\u00e7\u00e3o para gestores e t\u00e9cnicos de 30 dos 92 munic\u00edpios do estado do Rio de Janeiro, com o objetivo de garantir a inclus\u00e3o e perman\u00eancia na escola de todas as meninas e todos os meninos entre 4 e 17 anos de idade. A iniciativa \u00e9 uma parceria do\u00a0<a href=\"https:\/\/cidadeescolaaprendiz.us5.list-manage.com\/track\/click?u=b30bb665479959edccf5d148d&amp;id=659c28ccb4&amp;e=92e083e552\" target=\"_blank\" rel=\"noreferrer noopener\">Fundo das Na\u00e7\u00f5es Unidas para a Inf\u00e2ncia (Unicef)<\/a>\u00a0 com a\u00a0<a href=\"https:\/\/cidadeescolaaprendiz.us5.list-manage.com\/track\/click?u=b30bb665479959edccf5d148d&amp;id=82f8a641c6&amp;e=92e083e552\" target=\"_blank\" rel=\"noreferrer noopener\">Uni\u00e3o Nacional dos Dirigentes Municipais de Educa\u00e7\u00e3o (Undime)<\/a>, o\u00a0<a href=\"https:\/\/cidadeescolaaprendiz.us5.list-manage.com\/track\/click?u=b30bb665479959edccf5d148d&amp;id=8ea6ff1837&amp;e=92e083e552\" target=\"_blank\" rel=\"noreferrer noopener\">Colegiado Nacional de Gestores Municipais de Assist\u00eancia Social (Congemas)<\/a>  e o <a href=\"https:\/\/www.conasems.org.br\/\" target=\"_blank\" rel=\"noreferrer noopener\">Conselho Nacional de Secretarias Municipais de Sa\u00fade (Conasems)<\/a>. O objetivo do projeto \u00e9\u00a0apoiar os governos na identifica\u00e7\u00e3o, registro, controle e acompanhamento de crian\u00e7as e adolescentes que est\u00e3o fora da\u00a0escola\u00a0ou em risco de evas\u00e3o. Ele \u00e9 direcionado para a forma\u00e7\u00e3o das equipes t\u00e9cnicas e gestores das secretarias municipais, impactando diretamente 2.500 profissionais com o objetivo de capacit\u00e1-los para realizar a reinser\u00e7\u00e3o escolar e acompanhamento das crian\u00e7as e adolescentes.\u00a0\u00a0 <\/p>\n\n\n\n<p class=\"btn\"><a href=\"http:\/\/www.alunopresente.org.br\" target=\"_blank\" rel=\"noreferrer noopener\">Saiba mais<\/a><\/p>\n<\/div>\n<\/div>\n<\/div><\/div>\n\n\n\n<h2 class=\"has-text-align-center\">Principais resultados<\/h2>\n\n\n\n<div class=\"wp-block-group resultado-destaque\"><div class=\"wp-block-group__inner-container\">\n<div class=\"wp-block-columns\">\n<div class=\"wp-block-column is-vertically-aligned-top\" style=\"flex-basis:33.33%\">\n<h3 class=\"has-text-align-right\">30<\/h3>\n<\/div>\n\n\n\n<div class=\"wp-block-column is-vertically-aligned-top\" style=\"flex-basis:66.66%\">\n<h4>Munic\u00edpios atendidos e <br><strong>26 <\/strong>munic\u00edpios acompanhados<\/h4>\n<\/div>\n<\/div>\n\n\n\n<p><\/p>\n<\/div><\/div>\n\n\n\n<div class=\"wp-block-group center resultados\"><div class=\"wp-block-group__inner-container\">\n<div class=\"wp-block-columns\">\n<div class=\"wp-block-column\">\n<h3>30<\/h3>\n\n\n\n<p>comit\u00eas gestores criados<\/p>\n\n\n\n<h3>19.843<\/h3>\n\n\n\n<p>alertas de crian\u00e7as fora da escola identificadas<\/p>\n<\/div>\n\n\n\n<div class=\"wp-block-column\">\n<h3>3.899<\/h3>\n\n\n\n<p>gestores formados<\/p>\n\n\n\n<h3>6.529<\/h3>\n\n\n\n<p>(re)matr\u00edculas realizadas\u00a0\u00a0\u00a0\u00a0\u00a0\u00a0\u00a0\u00a0\u00a0\u00a0\u00a0\u00a0\u00a0\u00a0\u00a0\u00a0\u00a0\u00a0\u00a0\u00a0\u00a0\u00a0\u00a0\u00a0\u00a0\u00a0\u00a0\u00a0\u00a0\u00a0\u00a0\u00a0\u00a0\u00a0\u00a0\u00a0\u00a0\u00a0\u00a0\u00a0\u00a0\u00a0\u00a0\u00a0\u00a0\u00a0\u00a0\u00a0\u00a0\u00a0\u00a0\u00a0\u00a0\u00a0\u00a0\u00a0\u00a0\u00a0\u00a0\u00a0\u00a0\u00a0\u00a0\u00a0 \u00a0\u00a0\u00a0\u00a0\u00a0\u00a0\u00a0\u00a0\u00a0\u00a0\u00a0\u00a0\u00a0\u00a0\u00a0\u00a0\u00a0\u00a0\u00a0<\/p>\n<\/div>\n\n\n\n<div class=\"wp-block-column\">\n<h3>142<\/h3>\n\n\n\n<p>organiza\u00e7\u00f5es da sociedade civil e institui\u00e7\u00f5es p\u00fablicas articuladas<\/p>\n<\/div>\n<\/div>\n\n\n\n<hr class=\"wp-block-separator\"\/>\n\n\n\n<p><\/p>\n<\/div><\/div>\n","protected":false},"excerpt":{"rendered":"<p>Principais resultados<\/p>\n","protected":false},"author":2,"featured_media":373,"parent":0,"menu_order":0,"comment_status":"closed","ping_status":"closed","template":"","meta":[],"_links":{"self":[{"href":"https:\/\/cidadeescolaaprendiz.org.br\/relatorios\/2019\/wp-json\/wp\/v2\/pages\/367"}],"collection":[{"href":"https:\/\/cidadeescolaaprendiz.org.br\/relatorios\/2019\/wp-json\/wp\/v2\/pages"}],"about":[{"href":"https:\/\/cidadeescolaaprendiz.org.br\/relatorios\/2019\/wp-json\/wp\/v2\/types\/page"}],"author":[{"embeddable":true,"href":"https:\/\/cidadeescolaaprendiz.org.br\/relatorios\/2019\/wp-json\/wp\/v2\/users\/2"}],"replies":[{"embeddable":true,"href":"https:\/\/cidadeescolaaprendiz.org.br\/relatorios\/2019\/wp-json\/wp\/v2\/comments?post=367"}],"version-history":[{"count":5,"href":"https:\/\/cidadeescolaaprendiz.org.br\/relatorios\/2019\/wp-json\/wp\/v2\/pages\/367\/revisions"}],"predecessor-version":[{"id":376,"href":"https:\/\/cidadeescolaaprendiz.org.br\/relatorios\/2019\/wp-json\/wp\/v2\/pages\/367\/revisions\/376"}],"wp:featuredmedia":[{"embeddable":true,"href":"https:\/\/cidadeescolaaprendiz.org.br\/relatorios\/2019\/wp-json\/wp\/v2\/media\/373"}],"wp:attachment":[{"href":"https:\/\/cidadeescolaaprendiz.org.br\/relatorios\/2019\/wp-json\/wp\/v2\/media?parent=367"}],"curies":[{"name":"wp","href":"https:\/\/api.w.org\/{rel}","templated":true}]}}