{"id":346,"date":"2020-09-17T10:00:24","date_gmt":"2020-09-17T13:00:24","guid":{"rendered":"https:\/\/cidadeescolaaprendiz.org.br\/relatorios\/2019\/?page_id=346"},"modified":"2020-10-13T15:23:30","modified_gmt":"2020-10-13T18:23:30","slug":"educacao-e-territorio","status":"publish","type":"page","link":"https:\/\/cidadeescolaaprendiz.org.br\/relatorios\/2019\/educacao-e-territorio\/","title":{"rendered":"Educa\u00e7\u00e3o e Territ\u00f3rio"},"content":{"rendered":"\n<div class=\"wp-block-group cr-sobre\"><div class=\"wp-block-group__inner-container\">\n<div class=\"wp-block-columns center\">\n<div class=\"wp-block-column\" style=\"flex-basis:33.33%\"><\/div>\n<\/div>\n\n\n\n<div class=\"wp-block-image is-style-default titulo-programa\"><figure class=\"aligncenter size-large\"><img loading=\"lazy\" width=\"500\" height=\"160\" src=\"https:\/\/cidadeescolaaprendiz.org.br\/relatorios\/2019\/wp-content\/uploads\/2020\/09\/title-et.png\" alt=\"\" class=\"wp-image-351\" srcset=\"https:\/\/cidadeescolaaprendiz.org.br\/relatorios\/2019\/wp-content\/uploads\/2020\/09\/title-et.png 500w, https:\/\/cidadeescolaaprendiz.org.br\/relatorios\/2019\/wp-content\/uploads\/2020\/09\/title-et-300x96.png 300w\" sizes=\"(max-width: 500px) 100vw, 500px\" \/><\/figure><\/div>\n\n\n\n<div class=\"wp-block-columns center\">\n<div class=\"wp-block-column\" style=\"flex-basis:33.33%\">\n<figure class=\"wp-block-image size-large is-style-default\"><img loading=\"lazy\" width=\"307\" height=\"77\" src=\"https:\/\/cidadeescolaaprendiz.org.br\/relatorios\/2019\/wp-content\/uploads\/2020\/09\/logo-et.png\" alt=\"\" class=\"wp-image-354\" srcset=\"https:\/\/cidadeescolaaprendiz.org.br\/relatorios\/2019\/wp-content\/uploads\/2020\/09\/logo-et.png 307w, https:\/\/cidadeescolaaprendiz.org.br\/relatorios\/2019\/wp-content\/uploads\/2020\/09\/logo-et-300x75.png 300w\" sizes=\"(max-width: 307px) 100vw, 307px\" \/><\/figure>\n<\/div>\n\n\n\n<div class=\"wp-block-column\" style=\"flex-basis:66.66%\">\n<p>O&nbsp;programa Educa\u00e7\u00e3o e Territ\u00f3rio&nbsp;\u00e9 uma iniciativa da Cidade Escola Aprendiz que, por meio de projetos e experi\u00eancias voltadas \u00e0 integra\u00e7\u00e3o entre comunidades, equipamentos p\u00fablicos e escolas, apoia a constitui\u00e7\u00e3o de territ\u00f3rios educativos e colabora para o desenvolvimento integral de todos e todas.&nbsp;A partir dos conhecimentos e metodologias acumulados nos 23 anos de atua\u00e7\u00e3o do&nbsp;Bairro-Escola, o programa acredita na <a href=\"https:\/\/educacaointegral.org.br\/conceito\/\">E<\/a><a href=\"https:\/\/educacaointegral.org.br\/conceito\/\" target=\"_blank\" rel=\"noreferrer noopener\">d<\/a><a href=\"https:\/\/educacaointegral.org.br\/conceito\/\">uca\u00e7\u00e3o Integral<\/a>&nbsp;como instrumento de transforma\u00e7\u00e3o social, e entende que ruas, bairros, comunidades, vilas e periferias s\u00e3o espa\u00e7os repletos de oportunidades educativas que fortalecem o desenvolvimento local e dos indiv\u00edduos. Como estrat\u00e9gia para ampliar a presen\u00e7a do tema na agenda p\u00fablica do pa\u00eds, a iniciativa identifica e apoia pol\u00edticas p\u00fablicas, e leva a concep\u00e7\u00e3o de <a rel=\"noreferrer noopener\" href=\"https:\/\/educacaoeterritorio.org.br\/glossario\/territorio-educativo-2\/\" target=\"_blank\">Territ\u00f3rios Educativos<\/a> a eventos, f\u00f3runs e outros espa\u00e7os de discuss\u00e3o. O Educa\u00e7\u00e3o e Territ\u00f3rio ainda articula representantes de organiza\u00e7\u00f5es da sociedade civil, coletivos e do poder p\u00fablico de diferentes setores \u2013 educa\u00e7\u00e3o, sa\u00fade, cultura e assist\u00eancia social \u2013&nbsp;em a\u00e7\u00f5es de incid\u00eancia e processos formativos que buscam fortalecer as cidades como territ\u00f3rios educativos.<\/p>\n\n\n\n<p class=\"btn\"><a href=\"http:\/\/www.educacaoeterritorio.org.br\" target=\"_blank\" rel=\"noreferrer noopener\">Saiba mais<\/a><\/p>\n<\/div>\n<\/div>\n<\/div><\/div>\n\n\n\n<h2 class=\"has-text-align-center\">Principais resultados<\/h2>\n\n\n\n<div class=\"wp-block-group resultado-destaque\"><div class=\"wp-block-group__inner-container\">\n<div class=\"wp-block-columns\">\n<div class=\"wp-block-column is-vertically-aligned-top\" style=\"flex-basis:33.33%\">\n<h3 class=\"has-text-align-right\">215<\/h3>\n<\/div>\n\n\n\n<div class=\"wp-block-column is-vertically-aligned-top\" style=\"flex-basis:66.66%\">\n<h4>Gestores, professores <br>e educadores sociais formados<\/h4>\n<\/div>\n<\/div>\n\n\n\n<p><\/p>\n<\/div><\/div>\n\n\n\n<div class=\"wp-block-group center resultados\"><div class=\"wp-block-group__inner-container\">\n<div class=\"wp-block-columns\">\n<div class=\"wp-block-column\">\n<h3>7<\/h3>\n\n\n\n<p>ciclos formativos realizados presencialmente, totalizando 450 horas<\/p>\n<\/div>\n\n\n\n<div class=\"wp-block-column\">\n<h3>4,4<span>milh\u00f5es<\/span><\/h3>\n\n\n\n<p>de pessoas alcan\u00e7adas no Facebook<\/p>\n\n\n\n<h3>884,8<span>mil<\/span><\/h3>\n\n\n\n<p>usu\u00e1rios \u00fanicos no Portal Aprendiz&nbsp;&nbsp;&nbsp;&nbsp;&nbsp;&nbsp;&nbsp;&nbsp;&nbsp;&nbsp;&nbsp;&nbsp;&nbsp;&nbsp;&nbsp;&nbsp;&nbsp;&nbsp;&nbsp;&nbsp;&nbsp;&nbsp;&nbsp;&nbsp;&nbsp;&nbsp;&nbsp;&nbsp;&nbsp;&nbsp;&nbsp;&nbsp;&nbsp;&nbsp;&nbsp;&nbsp;&nbsp;&nbsp;&nbsp;&nbsp;&nbsp;&nbsp;&nbsp;&nbsp;&nbsp;&nbsp;&nbsp;&nbsp;&nbsp;&nbsp;&nbsp;&nbsp;&nbsp;&nbsp;&nbsp;&nbsp;&nbsp;&nbsp;&nbsp;&nbsp;&nbsp;&nbsp;&nbsp;&nbsp; &nbsp;&nbsp;&nbsp;&nbsp;&nbsp;&nbsp;&nbsp;&nbsp;&nbsp;&nbsp;&nbsp;&nbsp;&nbsp;&nbsp;&nbsp;&nbsp;&nbsp;&nbsp;&nbsp;<\/p>\n<\/div>\n\n\n\n<div class=\"wp-block-column\">\n<h3>1,2<span>milh\u00e3o<\/span><\/h3>\n\n\n\n<p>de visualiza\u00e7\u00f5es de p\u00e1ginas no Portal Aprendiz<\/p>\n<\/div>\n<\/div>\n\n\n\n<hr class=\"wp-block-separator\"\/>\n\n\n\n<p><\/p>\n<\/div><\/div>\n","protected":false},"excerpt":{"rendered":"<p>Principais resultados<\/p>\n","protected":false},"author":2,"featured_media":350,"parent":0,"menu_order":0,"comment_status":"closed","ping_status":"closed","template":"","meta":[],"_links":{"self":[{"href":"https:\/\/cidadeescolaaprendiz.org.br\/relatorios\/2019\/wp-json\/wp\/v2\/pages\/346"}],"collection":[{"href":"https:\/\/cidadeescolaaprendiz.org.br\/relatorios\/2019\/wp-json\/wp\/v2\/pages"}],"about":[{"href":"https:\/\/cidadeescolaaprendiz.org.br\/relatorios\/2019\/wp-json\/wp\/v2\/types\/page"}],"author":[{"embeddable":true,"href":"https:\/\/cidadeescolaaprendiz.org.br\/relatorios\/2019\/wp-json\/wp\/v2\/users\/2"}],"replies":[{"embeddable":true,"href":"https:\/\/cidadeescolaaprendiz.org.br\/relatorios\/2019\/wp-json\/wp\/v2\/comments?post=346"}],"version-history":[{"count":5,"href":"https:\/\/cidadeescolaaprendiz.org.br\/relatorios\/2019\/wp-json\/wp\/v2\/pages\/346\/revisions"}],"predecessor-version":[{"id":567,"href":"https:\/\/cidadeescolaaprendiz.org.br\/relatorios\/2019\/wp-json\/wp\/v2\/pages\/346\/revisions\/567"}],"wp:featuredmedia":[{"embeddable":true,"href":"https:\/\/cidadeescolaaprendiz.org.br\/relatorios\/2019\/wp-json\/wp\/v2\/media\/350"}],"wp:attachment":[{"href":"https:\/\/cidadeescolaaprendiz.org.br\/relatorios\/2019\/wp-json\/wp\/v2\/media?parent=346"}],"curies":[{"name":"wp","href":"https:\/\/api.w.org\/{rel}","templated":true}]}}